{"id":17779,"date":"2017-11-29T21:44:27","date_gmt":"2017-11-29T20:44:27","guid":{"rendered":"https:\/\/www.masseriafulcignano.com\/vivere-la-masseria\/"},"modified":"2017-11-29T21:44:27","modified_gmt":"2017-11-29T20:44:27","slug":"vivere-la-masseria","status":"publish","type":"page","link":"https:\/\/www.masseriafulcignano.com\/en\/vivere-la-masseria\/","title":{"rendered":"Vivere la Masseria"},"content":{"rendered":"<p>[cmsmasters_row][cmsmasters_column data_width=&#8221;1\/1&#8243; data_padding=&#8221;30px 0&#8243; data_border_style=&#8221;default&#8221;][cmsmasters_heading shortcode_id=&#8221;74f6hkjmml&#8221; type=&#8221;h1&#8243; font_size=&#8221;60&#8243; font_weight=&#8221;bolder&#8221; font_style=&#8221;italic&#8221; text_align=&#8221;center&#8221; margin_top=&#8221;0&#8243; margin_bottom=&#8221;20&#8243; animation_delay=&#8221;0&#8243;]Vivere la Masseria[\/cmsmasters_heading][cmsmasters_text]<\/p>\n<p style=\"text-align: center;\">Vivere la masseria \u00e8 riscoprire il calore delle antiche tradizioni della nostra terra.<\/p>\n<p style=\"text-align: center;\">Vi accoglieremo come se foste a casa nostra.<\/p>\n<p style=\"text-align: center;\">Il mattino inizier\u00e0 con il cinguettio degli uccelli e con il profumo della nostra cucina che vi accompagner\u00e0 fino al portico della masseria dove vi attende la colazione. La masseria \u00e8 orientata a sud e il sole, gi\u00e0 alle 8 del mattino vi far\u00e0 compagnia durante il vostro primo caff\u00e8. Un abbondante buffet di torte, ciambelle, crostate preparate con le nostre marmellate, pane appena sfornato e pasticciotti leccesi vi aspettano su lunghe tavolate bianche dove potrete degustare quant&#8217;altro di genuino e prelibato possa esserci.<\/p>\n<p style=\"text-align: center;\">Vi aspetta una lunga mattina di escursioni sul mare della costa ionica o nelle antiche piazze dei borghi salentini. Vi aiuteremo a scovare ogni borgo antico e ogni lembo di spiaggia dove trascorrere ore indimenticabili.<\/p>\n<p style=\"text-align: center;\">Con il tramonto del sole, la masseria vi stupir\u00e0 con splendidi paesaggi mozzafiato. Potrete godere della frescura intorno alla piscina o degustare un aperitivo negli spazi intorno agli alberi di fico e di olivo.<\/p>\n<p style=\"text-align: center;\">Il sole \u00e8 ormai al tramonto. Il raccolto del giorno \u00e8 appena arrivato e la nostra cucina inizia a lavorare per offrirvi deliziose pietanze.<\/p>\n<p style=\"text-align: center;\">Volete essere voi stessi i protagonisti della cucina? parteciperete alle nostre cookingclass organizzate dal nostro staff.<\/p>\n<p style=\"text-align: center;\">La notte \u00e8 vicina, il cielo abbandona il suo color azzurro intenso per riempirsi di una miriade di stelle luminose che potrete osservare con i nostri telescopi sul terrazzo panoramico.<\/p>\n<p style=\"text-align: center;\">Aspettatevi di tutto. Il bianco delle stelle si confonder\u00e0 ben presto con i colori dei fuochi d&#8217;artificio che ricamano le notti salentine. Tutto intorno alla masseria, nei borghi antichi \u00e8 un fervore di feste patronali, sagre, processioni commemorative, e concerti.<\/p>\n<p style=\"text-align: center;\">Il Salento \u00e8 servito. Vi innamorerete.<\/p>\n<p>[\/cmsmasters_text][\/cmsmasters_column][\/cmsmasters_row][cmsmasters_row data_shortcode_id=&#8221;r0jfl2vsqe&#8221; data_width=&#8221;boxed&#8221; data_top_style=&#8221;default&#8221; data_bot_style=&#8221;default&#8221; data_color=&#8221;default&#8221; data_padding_top=&#8221;0&#8243; data_padding_bottom=&#8221;50&#8243; data_classes=&#8221;flexrow marginbottom&#8221;][cmsmasters_column data_width=&#8221;2\/3&#8243; data_classes=&#8221;bgimage&#8221; data_animation_delay=&#8221;0&#8243; data_border_style=&#8221;default&#8221; data_bg_size=&#8221;cover&#8221; data_bg_attachment=&#8221;scroll&#8221; data_bg_repeat=&#8221;no-repeat&#8221; data_bg_position=&#8221;top center&#8221; data_bg_img=&#8221;17194|http:\/\/www.masseriafulcignano.com\/wp-content\/uploads\/2020\/03\/pizzica.jpeg|full&#8221; data_shortcode_id=&#8221;43vz1d1d&#8221;][\/cmsmasters_column][cmsmasters_column data_width=&#8221;1\/3&#8243; data_shortcode_id=&#8221;lmfrvh1z5j&#8221; data_color_overlay=&#8221;#ffffff&#8221; data_border_style=&#8221;default&#8221; data_classes=&#8221;boxtext&#8221;][cmsmasters_heading shortcode_id=&#8221;ikhynkjkbj&#8221; type=&#8221;h4&#8243; font_weight=&#8221;default&#8221; font_style=&#8221;default&#8221; text_align=&#8221;center&#8221; margin_top=&#8221;20&#8243; margin_bottom=&#8221;20&#8243; animation_delay=&#8221;0&#8243;]La pizzica salentina[\/cmsmasters_heading][cmsmasters_text shortcode_id=&#8221;pjptch9it&#8221; animation_delay=&#8221;0&#8243;]<\/p>\n<p style=\"text-align: center;\"><span style=\"font-weight: 400;\">La Pizzica \u00e8 un\u2019antica danza del Salento ed \u00e8 legata all\u2019antico mondo contadino. Durante la stagione estiva \u00e8 possibile trovare una serata di Pizzica in ogni piazza salentina. Il termine \u201cpizzica\u201d in salentino vuol dire \u201cpungere\u201d e nel caso della musica \u00e8 riferito alla puntura fatta dalla taranta, il cui veleno provoca nel corpo umano profondi stati di agitazione e attacchi epilettici. Il ballo \u00e8 quindi visto come una liberazione dalle tensioni e dai conflitti interiori.\u00a0<\/span><\/p>\n<p style=\"text-align: center;\"><span style=\"font-weight: 400;\">Gli ospiti della masseria potranno usufruire di lezioni riservate di pizzica e taranta impartite da un\u2019esperta maestra di ballo. E poi alla sera ci si potr\u00e0 recare direttamente in paese per scatenarsi tra luci, musica e balli che riempiono le piazze dei borghi salentini.<\/span><\/p>\n<p>[\/cmsmasters_text][\/cmsmasters_column][\/cmsmasters_row]<\/p>\n","protected":false},"excerpt":{"rendered":"<p>[cmsmasters_row][cmsmasters_column data_width=&#8221;1\/1&#8243; data_padding=&#8221;30px 0&#8243; data_border_style=&#8221;default&#8221;][cmsmasters_heading shortcode_id=&#8221;74f6hkjmml&#8221; type=&#8221;h1&#8243; font_size=&#8221;60&#8243; font_weight=&#8221;bolder&#8221; font_style=&#8221;italic&#8221; text_align=&#8221;center&#8221; margin_top=&#8221;0&#8243; margin_bottom=&#8221;20&#8243; animation_delay=&#8221;0&#8243;]Vivere la Masseria[\/cmsmasters_heading][cmsmasters_text] Vivere la masseria \u00e8 riscoprire il calore delle antiche tradizioni della nostra terra. Vi [&hellip;]<\/p>\n","protected":false},"author":1,"featured_media":0,"parent":0,"menu_order":0,"comment_status":"closed","ping_status":"closed","template":"","meta":{"_joinchat":[],"footnotes":""},"class_list":["post-17779","page","type-page","status-publish","hentry"],"yoast_head":"<!-- This site is optimized with the Yoast SEO plugin v27.3 - https:\/\/yoast.com\/product\/yoast-seo-wordpress\/ -->\n<title>Vivere la Masseria - Masseria Fulcignano<\/title>\n<meta name=\"robots\" content=\"index, follow, max-snippet:-1, max-image-preview:large, max-video-preview:-1\" \/>\n<link rel=\"canonical\" href=\"https:\/\/www.masseriafulcignano.com\/en\/vivere-la-masseria\/\" \/>\n<meta property=\"og:locale\" content=\"en_US\" \/>\n<meta property=\"og:type\" content=\"article\" \/>\n<meta property=\"og:title\" content=\"Vivere la Masseria - Masseria Fulcignano\" \/>\n<meta property=\"og:description\" content=\"[cmsmasters_row][cmsmasters_column data_width=&#8221;1\/1&#8243; data_padding=&#8221;30px 0&#8243; data_border_style=&#8221;default&#8221;][cmsmasters_heading shortcode_id=&#8221;74f6hkjmml&#8221; type=&#8221;h1&#8243; font_size=&#8221;60&#8243; font_weight=&#8221;bolder&#8221; font_style=&#8221;italic&#8221; text_align=&#8221;center&#8221; margin_top=&#8221;0&#8243; margin_bottom=&#8221;20&#8243; animation_delay=&#8221;0&#8243;]Vivere la Masseria[\/cmsmasters_heading][cmsmasters_text] Vivere la masseria \u00e8 riscoprire il calore delle antiche tradizioni della nostra terra. Vi [&hellip;]\" \/>\n<meta property=\"og:url\" content=\"https:\/\/www.masseriafulcignano.com\/en\/vivere-la-masseria\/\" \/>\n<meta property=\"og:site_name\" content=\"Masseria Fulcignano\" \/>\n<meta name=\"twitter:card\" content=\"summary_large_image\" \/>\n<meta name=\"twitter:label1\" content=\"Est. reading time\" \/>\n\t<meta name=\"twitter:data1\" content=\"3 minutes\" \/>\n<script type=\"application\/ld+json\" class=\"yoast-schema-graph\">{\"@context\":\"https:\\\/\\\/schema.org\",\"@graph\":[{\"@type\":\"WebPage\",\"@id\":\"https:\\\/\\\/www.masseriafulcignano.com\\\/en\\\/vivere-la-masseria\\\/\",\"url\":\"https:\\\/\\\/www.masseriafulcignano.com\\\/en\\\/vivere-la-masseria\\\/\",\"name\":\"Vivere la Masseria - Masseria Fulcignano\",\"isPartOf\":{\"@id\":\"https:\\\/\\\/www.masseriafulcignano.com\\\/#website\"},\"datePublished\":\"2017-11-29T20:44:27+00:00\",\"breadcrumb\":{\"@id\":\"https:\\\/\\\/www.masseriafulcignano.com\\\/en\\\/vivere-la-masseria\\\/#breadcrumb\"},\"inLanguage\":\"en-US\",\"potentialAction\":[{\"@type\":\"ReadAction\",\"target\":[\"https:\\\/\\\/www.masseriafulcignano.com\\\/en\\\/vivere-la-masseria\\\/\"]}]},{\"@type\":\"BreadcrumbList\",\"@id\":\"https:\\\/\\\/www.masseriafulcignano.com\\\/en\\\/vivere-la-masseria\\\/#breadcrumb\",\"itemListElement\":[{\"@type\":\"ListItem\",\"position\":1,\"name\":\"Home\",\"item\":\"https:\\\/\\\/www.masseriafulcignano.com\\\/\"},{\"@type\":\"ListItem\",\"position\":2,\"name\":\"Vivere la Masseria\"}]},{\"@type\":\"WebSite\",\"@id\":\"https:\\\/\\\/www.masseriafulcignano.com\\\/#website\",\"url\":\"https:\\\/\\\/www.masseriafulcignano.com\\\/\",\"name\":\"Masseria Fulcignano\",\"description\":\"Un nuovo sito targato WordPress\",\"potentialAction\":[{\"@type\":\"SearchAction\",\"target\":{\"@type\":\"EntryPoint\",\"urlTemplate\":\"https:\\\/\\\/www.masseriafulcignano.com\\\/?s={search_term_string}\"},\"query-input\":{\"@type\":\"PropertyValueSpecification\",\"valueRequired\":true,\"valueName\":\"search_term_string\"}}],\"inLanguage\":\"en-US\"}]}<\/script>\n<!-- \/ Yoast SEO plugin. -->","yoast_head_json":{"title":"Vivere la Masseria - Masseria Fulcignano","robots":{"index":"index","follow":"follow","max-snippet":"max-snippet:-1","max-image-preview":"max-image-preview:large","max-video-preview":"max-video-preview:-1"},"canonical":"https:\/\/www.masseriafulcignano.com\/en\/vivere-la-masseria\/","og_locale":"en_US","og_type":"article","og_title":"Vivere la Masseria - Masseria Fulcignano","og_description":"[cmsmasters_row][cmsmasters_column data_width=&#8221;1\/1&#8243; data_padding=&#8221;30px 0&#8243; data_border_style=&#8221;default&#8221;][cmsmasters_heading shortcode_id=&#8221;74f6hkjmml&#8221; type=&#8221;h1&#8243; font_size=&#8221;60&#8243; font_weight=&#8221;bolder&#8221; font_style=&#8221;italic&#8221; text_align=&#8221;center&#8221; margin_top=&#8221;0&#8243; margin_bottom=&#8221;20&#8243; animation_delay=&#8221;0&#8243;]Vivere la Masseria[\/cmsmasters_heading][cmsmasters_text] Vivere la masseria \u00e8 riscoprire il calore delle antiche tradizioni della nostra terra. Vi [&hellip;]","og_url":"https:\/\/www.masseriafulcignano.com\/en\/vivere-la-masseria\/","og_site_name":"Masseria Fulcignano","twitter_card":"summary_large_image","twitter_misc":{"Est. reading time":"3 minutes"},"schema":{"@context":"https:\/\/schema.org","@graph":[{"@type":"WebPage","@id":"https:\/\/www.masseriafulcignano.com\/en\/vivere-la-masseria\/","url":"https:\/\/www.masseriafulcignano.com\/en\/vivere-la-masseria\/","name":"Vivere la Masseria - Masseria Fulcignano","isPartOf":{"@id":"https:\/\/www.masseriafulcignano.com\/#website"},"datePublished":"2017-11-29T20:44:27+00:00","breadcrumb":{"@id":"https:\/\/www.masseriafulcignano.com\/en\/vivere-la-masseria\/#breadcrumb"},"inLanguage":"en-US","potentialAction":[{"@type":"ReadAction","target":["https:\/\/www.masseriafulcignano.com\/en\/vivere-la-masseria\/"]}]},{"@type":"BreadcrumbList","@id":"https:\/\/www.masseriafulcignano.com\/en\/vivere-la-masseria\/#breadcrumb","itemListElement":[{"@type":"ListItem","position":1,"name":"Home","item":"https:\/\/www.masseriafulcignano.com\/"},{"@type":"ListItem","position":2,"name":"Vivere la Masseria"}]},{"@type":"WebSite","@id":"https:\/\/www.masseriafulcignano.com\/#website","url":"https:\/\/www.masseriafulcignano.com\/","name":"Masseria Fulcignano","description":"Un nuovo sito targato WordPress","potentialAction":[{"@type":"SearchAction","target":{"@type":"EntryPoint","urlTemplate":"https:\/\/www.masseriafulcignano.com\/?s={search_term_string}"},"query-input":{"@type":"PropertyValueSpecification","valueRequired":true,"valueName":"search_term_string"}}],"inLanguage":"en-US"}]}},"_links":{"self":[{"href":"https:\/\/www.masseriafulcignano.com\/en\/wp-json\/wp\/v2\/pages\/17779","targetHints":{"allow":["GET"]}}],"collection":[{"href":"https:\/\/www.masseriafulcignano.com\/en\/wp-json\/wp\/v2\/pages"}],"about":[{"href":"https:\/\/www.masseriafulcignano.com\/en\/wp-json\/wp\/v2\/types\/page"}],"author":[{"embeddable":true,"href":"https:\/\/www.masseriafulcignano.com\/en\/wp-json\/wp\/v2\/users\/1"}],"replies":[{"embeddable":true,"href":"https:\/\/www.masseriafulcignano.com\/en\/wp-json\/wp\/v2\/comments?post=17779"}],"version-history":[{"count":0,"href":"https:\/\/www.masseriafulcignano.com\/en\/wp-json\/wp\/v2\/pages\/17779\/revisions"}],"wp:attachment":[{"href":"https:\/\/www.masseriafulcignano.com\/en\/wp-json\/wp\/v2\/media?parent=17779"}],"curies":[{"name":"wp","href":"https:\/\/api.w.org\/{rel}","templated":true}]}}